{"id":8,"date":"2020-04-16T13:08:46","date_gmt":"2020-04-16T13:08:46","guid":{"rendered":"https:\/\/rtwoftransgenderpersons.com\/?page_id=8"},"modified":"2022-06-30T17:57:45","modified_gmt":"2022-06-30T15:57:45","slug":"contact","status":"publish","type":"page","link":"https:\/\/rtwoftransgenderpersons.com\/fr\/home\/contact\/","title":{"rendered":"Contact"},"content":{"rendered":"<p class=\"has-text-align-left\">\ud83d\udc4b  Heeft u verdere vragen omtrent ons onderzoeksproject of wenst u deel te nemen aan de dagboekstudie?<br><\/p>\n\n\n\n<p class=\"has-text-align-left\">N'h\u00e9sitez pas \u00e0 nous contacter en utilisant les coordonn\u00e9es ci-dessous, ou envoyez-nous un message en utilisant le formulaire ci-dessous.<\/p>\n\n\n\n<p><\/p>\n\n\n\n<div style=\"height:32px\" aria-hidden=\"true\" class=\"wp-block-spacer desktop-only\"><\/div>\n\n\n\n<div class=\"wp-block-columns is-layout-flex wp-container-core-columns-is-layout-9d6595d7 wp-block-columns-is-layout-flex\">\n<div class=\"wp-block-column is-layout-flow wp-block-column-is-layout-flow\">\n<div class=\"wp-block-group has-small-padding\"><div class=\"wp-block-group__inner-container is-layout-flow wp-block-group-is-layout-flow\">\n<div class=\"wp-block-group has-large-padding\"><div class=\"wp-block-group__inner-container is-layout-flow wp-block-group-is-layout-flow\">\n<h4 class=\"wp-block-heading\">Contactez<\/h4>\n\n\n\n<div class=\"wp-block-jetpack-contact-info\">\n<div class=\"wp-block-jetpack-email\"><a href=\"mailto:joy.vandecauter@ugent.be\">joy.vandecauter@ugent.be<\/a><\/div>\n\n\n\n<div class=\"wp-block-jetpack-phone\"><a href=\"tel:+3293328362\">+32 9 332 83 62 <\/a><\/div>\n\n\n\n<div class=\"wp-block-jetpack-address\"><div class=\"jetpack-address__address jetpack-address__address1\">Joy Van de Cauter &#8211; Vakgroep Volksgezondheid &amp; Eerstelijnszorg Universiteit Gent<\/div><div class=\"jetpack-address__address jetpack-address__address3\">10, Avenue Corneel Heymans (4K3, entr\u00e9e 42)<\/div><div><span class=\"jetpack-address__city\">Gand<\/span>, <span class=\"jetpack-address__region\"><\/span> <span class=\"jetpack-address__postal\">9000<\/span><\/div><div class=\"jetpack-address__country\">Belgi\u00eb<\/div><\/div>\n<\/div>\n<\/div><\/div>\n<\/div><\/div>\n<\/div>\n\n\n\n<div class=\"wp-block-column is-layout-flow wp-block-column-is-layout-flow\">\n<div class=\"wp-block-group has-small-padding\"><div class=\"wp-block-group__inner-container is-layout-flow wp-block-group-is-layout-flow\">\n<div class=\"wp-block-group has-large-padding\"><div class=\"wp-block-group__inner-container is-layout-flow wp-block-group-is-layout-flow\">\n<h4 class=\"wp-block-heading\">Envoyez-nous un message<\/h4>\n\n\n<div class=\"wp-block-jetpack-contact-form is-layout-flex wp-container-jetpack-contact-form-is-layout-faa3ad1c wp-block-jetpack-contact-form-is-layout-flex\"><a href=\"https:\/\/rtwoftransgenderpersons.com\/fr\/home\/contact\/\" target=\"_blank\" rel=\"noopener noreferrer\">Submit a form.<\/a><\/div><\/div><\/div>\n<\/div><\/div>\n<\/div>\n<\/div>\n\n\n\n<p>Cliquez <a href=\"https:\/\/rtwoftransgenderpersons.com\/fr\/home\/bijstand-nodig\/\">ici<\/a> indien u bijstand nodig heeft.<\/p>\n\n\n\n<p>Veuillez cliquer <a href=\"https:\/\/rtwoftransgenderpersons.com\/fr\/home\/bijstand-nodig\/\">ici<\/a> si vous avez besoin d&#8217;assistance. <\/p>","protected":false},"excerpt":{"rendered":"<p>\ud83d\udc4b Heeft u verdere vragen omtrent ons onderzoeksproject of wenst u deel te nemen aan de dagboekstudie? Aarzel niet om contact met ons op te nemen via de onderstaande contactinformatie, of een bericht te sturen met het onderstaande formulier. Neem&#8230;<\/p>","protected":false},"author":184167321,"featured_media":0,"parent":50,"menu_order":4,"comment_status":"closed","ping_status":"closed","template":"","meta":{"_coblocks_attr":"","_coblocks_dimensions":"","_coblocks_responsive_height":"","_coblocks_accordion_ie_support":"","advanced_seo_description":"","jetpack_seo_html_title":"","jetpack_seo_noindex":false,"footnotes":""},"class_list":["post-8","page","type-page","status-publish","hentry"],"jetpack_likes_enabled":null,"jetpack_sharing_enabled":false,"jetpack_shortlink":"https:\/\/wp.me\/PbUa2L-8","amp_enabled":true,"_links":{"self":[{"href":"https:\/\/rtwoftransgenderpersons.com\/fr\/wp-json\/wp\/v2\/pages\/8","targetHints":{"allow":["GET"]}}],"collection":[{"href":"https:\/\/rtwoftransgenderpersons.com\/fr\/wp-json\/wp\/v2\/pages"}],"about":[{"href":"https:\/\/rtwoftransgenderpersons.com\/fr\/wp-json\/wp\/v2\/types\/page"}],"author":[{"embeddable":true,"href":"https:\/\/rtwoftransgenderpersons.com\/fr\/wp-json\/wp\/v2\/users\/184167321"}],"replies":[{"embeddable":true,"href":"https:\/\/rtwoftransgenderpersons.com\/fr\/wp-json\/wp\/v2\/comments?post=8"}],"version-history":[{"count":22,"href":"https:\/\/rtwoftransgenderpersons.com\/fr\/wp-json\/wp\/v2\/pages\/8\/revisions"}],"predecessor-version":[{"id":2204,"href":"https:\/\/rtwoftransgenderpersons.com\/fr\/wp-json\/wp\/v2\/pages\/8\/revisions\/2204"}],"up":[{"embeddable":true,"href":"https:\/\/rtwoftransgenderpersons.com\/fr\/wp-json\/wp\/v2\/pages\/50"}],"wp:attachment":[{"href":"https:\/\/rtwoftransgenderpersons.com\/fr\/wp-json\/wp\/v2\/media?parent=8"}],"curies":[{"name":"wp","href":"https:\/\/api.w.org\/{rel}","templated":true}]}}