{"id":116,"date":"2020-05-07T17:02:54","date_gmt":"2020-05-07T15:02:54","guid":{"rendered":"https:\/\/rtwoftransgenderpersons.com\/?page_id=116"},"modified":"2022-09-22T17:52:55","modified_gmt":"2022-09-22T15:52:55","slug":"wie-zijn-wij","status":"publish","type":"page","link":"https:\/\/rtwoftransgenderpersons.com\/fr\/home\/about\/wie-zijn-wij\/","title":{"rendered":"Qui sommes nous?"},"content":{"rendered":"<div class=\"wp-block-jetpack-layout-grid alignfull column1-desktop-grid__span-3 column1-desktop-grid__start-3 column1-desktop-grid__row-1 column2-desktop-grid__span-3 column2-desktop-grid__start-8 column2-desktop-grid__row-1 column1-tablet-grid__span-4 column1-tablet-grid__row-1 column2-tablet-grid__span-4 column2-tablet-grid__start-5 column2-tablet-grid__row-1 column1-mobile-grid__span-4 column1-mobile-grid__row-1 column2-mobile-grid__span-4 column2-mobile-grid__row-2\">\n<div class=\"wp-block-jetpack-layout-grid-column wp-block-jetpack-layout-grid__padding-none is-vertically-aligned-top\">\n<figure class=\"wp-block-image size-large is-resized is-style-rounded\"><img data-recalc-dims=\"1\" loading=\"lazy\" decoding=\"async\" data-attachment-id=\"2285\" data-permalink=\"https:\/\/rtwoftransgenderpersons.com\/fr\/home\/about\/wie-zijn-wij\/joy-49\/\" data-orig-file=\"https:\/\/i0.wp.com\/rtwoftransgenderpersons.com\/wp-content\/uploads\/2022\/09\/Joy-49.jpg?fit=4033%2C6049&amp;ssl=1\" data-orig-size=\"4033,6049\" data-comments-opened=\"1\" data-image-meta=\"{&quot;aperture&quot;:&quot;2.8&quot;,&quot;credit&quot;:&quot;&quot;,&quot;camera&quot;:&quot;Canon EOS 5D Mark IV&quot;,&quot;caption&quot;:&quot;&quot;,&quot;created_timestamp&quot;:&quot;1658932289&quot;,&quot;copyright&quot;:&quot;&quot;,&quot;focal_length&quot;:&quot;85&quot;,&quot;iso&quot;:&quot;125&quot;,&quot;shutter_speed&quot;:&quot;0.0025&quot;,&quot;title&quot;:&quot;&quot;,&quot;orientation&quot;:&quot;0&quot;}\" data-image-title=\"Joy-49\" data-image-description=\"\" data-image-caption=\"\" data-large-file=\"https:\/\/i0.wp.com\/rtwoftransgenderpersons.com\/wp-content\/uploads\/2022\/09\/Joy-49.jpg?fit=604%2C906&amp;ssl=1\" src=\"https:\/\/i0.wp.com\/rtwoftransgenderpersons.com\/wp-content\/uploads\/2022\/09\/Joy-49.jpg?resize=258%2C387&#038;ssl=1\" alt=\"\" class=\"wp-image-2285\" width=\"258\" height=\"387\" srcset=\"https:\/\/i0.wp.com\/rtwoftransgenderpersons.com\/wp-content\/uploads\/2022\/09\/Joy-49.jpg?resize=683%2C1024&amp;ssl=1 683w, https:\/\/i0.wp.com\/rtwoftransgenderpersons.com\/wp-content\/uploads\/2022\/09\/Joy-49.jpg?resize=200%2C300&amp;ssl=1 200w, https:\/\/i0.wp.com\/rtwoftransgenderpersons.com\/wp-content\/uploads\/2022\/09\/Joy-49.jpg?resize=768%2C1152&amp;ssl=1 768w, https:\/\/i0.wp.com\/rtwoftransgenderpersons.com\/wp-content\/uploads\/2022\/09\/Joy-49.jpg?resize=1024%2C1536&amp;ssl=1 1024w, https:\/\/i0.wp.com\/rtwoftransgenderpersons.com\/wp-content\/uploads\/2022\/09\/Joy-49.jpg?resize=1365%2C2048&amp;ssl=1 1365w, https:\/\/i0.wp.com\/rtwoftransgenderpersons.com\/wp-content\/uploads\/2022\/09\/Joy-49.jpg?resize=8%2C12&amp;ssl=1 8w, https:\/\/i0.wp.com\/rtwoftransgenderpersons.com\/wp-content\/uploads\/2022\/09\/Joy-49.jpg?resize=1200%2C1800&amp;ssl=1 1200w, https:\/\/i0.wp.com\/rtwoftransgenderpersons.com\/wp-content\/uploads\/2022\/09\/Joy-49.jpg?w=1812&amp;ssl=1 1812w\" sizes=\"auto, (max-width: 258px) 100vw, 258px\" \/><\/figure>\n\n\n\n<h4 class=\"margin-bottom-half wp-block-heading\">Joy Van de Cauter <\/h4>\n\n\n\n<p>Projectleidster en arbeidsarts<\/p>\n\n\n\n<p class=\"has-text-align-justify has-georgia-font-family has-normal-font-size has-custom-font\" style=\"line-height:1.4;font-family:Georgia;font-size:15px\">Joy werkt onder een assistentenmandaat aan haar PhD-project <mark style=\"background-color:rgba(0, 0, 0, 0);color:#258884\" class=\"has-inline-color\">&#8216;<em>return to work&#8217;<\/em><\/mark> voor de onderzoeksgroep arbeidsgeneeskunde van de Vakgroep &#8216;Volksgezondheid en Eerstelijnszorg&#8217; UGent. De onderzoeksinteresses en praktijkervaring van Joy omvatten psychosociale aspecten, werkhervattingen en re-integratie, veiligheid op het werk en veiligheidsfuncties, &#8216;health literacy&#8217; of &#8216;gezondheidsvaardigheden&#8217;, alcohol- en drugsmisbruik.                                                               Joy heeft het merendeel van haar jaren als arbeidsarts gewerkt bij de voormalige externe preventiedienst van de Belgische Spoorsector en werkt huidig in een ondersteunende functie als arbeidsarts in de Polikliniek Arbeid aan de Universiteit Gent. Joy is lid van de &#8216;World Professional Association for Transgender Health&#8217; (WPATH) en diens Europese afdeling (EPATH).  Binnen de UGent neemt zij deel aan de werkgroep trans@ugent en zetelt ze als OAP verantwoordelijke voor de commissie diversiteit binnen de Faculteit Geneeskunde.<\/p>\n<\/div>\n\n\n\n<div class=\"wp-block-jetpack-layout-grid-column wp-block-jetpack-layout-grid__padding-none\">\n<figure class=\"wp-block-image size-medium is-resized is-style-rounded\"><img data-recalc-dims=\"1\" loading=\"lazy\" decoding=\"async\" data-attachment-id=\"831\" data-permalink=\"https:\/\/rtwoftransgenderpersons.com\/fr\/crop-0-0-4449-3337-0-lut-braeckman_official-jpg-2\/\" data-orig-file=\"https:\/\/i0.wp.com\/rtwoftransgenderpersons.com\/wp-content\/uploads\/2020\/10\/crop-0-0-4449-3337-0-Lut-Braeckman_official-edited.jpg?fit=3337%2C3337&amp;ssl=1\" data-orig-size=\"3337,3337\" data-comments-opened=\"1\" data-image-meta=\"{&quot;aperture&quot;:&quot;0&quot;,&quot;credit&quot;:&quot;&quot;,&quot;camera&quot;:&quot;&quot;,&quot;caption&quot;:&quot;&quot;,&quot;created_timestamp&quot;:&quot;0&quot;,&quot;copyright&quot;:&quot;&quot;,&quot;focal_length&quot;:&quot;0&quot;,&quot;iso&quot;:&quot;0&quot;,&quot;shutter_speed&quot;:&quot;0&quot;,&quot;title&quot;:&quot;&quot;,&quot;orientation&quot;:&quot;0&quot;}\" data-image-title=\"crop-0-0-4449-3337-0-Lut-Braeckman_official.jpg\" data-image-description=\"\" data-image-caption=\"\" data-large-file=\"https:\/\/i0.wp.com\/rtwoftransgenderpersons.com\/wp-content\/uploads\/2020\/10\/crop-0-0-4449-3337-0-Lut-Braeckman_official-edited.jpg?fit=604%2C604&amp;ssl=1\" src=\"https:\/\/i0.wp.com\/rtwoftransgenderpersons.com\/wp-content\/uploads\/2020\/10\/crop-0-0-4449-3337-0-Lut-Braeckman_official-edited.jpg?resize=267%2C267&#038;ssl=1\" alt=\"\" class=\"wp-image-831\" width=\"267\" height=\"267\" srcset=\"https:\/\/i0.wp.com\/rtwoftransgenderpersons.com\/wp-content\/uploads\/2020\/10\/crop-0-0-4449-3337-0-Lut-Braeckman_official-edited.jpg?w=3337&amp;ssl=1 3337w, https:\/\/i0.wp.com\/rtwoftransgenderpersons.com\/wp-content\/uploads\/2020\/10\/crop-0-0-4449-3337-0-Lut-Braeckman_official-edited.jpg?resize=300%2C300&amp;ssl=1 300w, https:\/\/i0.wp.com\/rtwoftransgenderpersons.com\/wp-content\/uploads\/2020\/10\/crop-0-0-4449-3337-0-Lut-Braeckman_official-edited.jpg?resize=1024%2C1024&amp;ssl=1 1024w, https:\/\/i0.wp.com\/rtwoftransgenderpersons.com\/wp-content\/uploads\/2020\/10\/crop-0-0-4449-3337-0-Lut-Braeckman_official-edited.jpg?resize=150%2C150&amp;ssl=1 150w, https:\/\/i0.wp.com\/rtwoftransgenderpersons.com\/wp-content\/uploads\/2020\/10\/crop-0-0-4449-3337-0-Lut-Braeckman_official-edited.jpg?resize=768%2C768&amp;ssl=1 768w, https:\/\/i0.wp.com\/rtwoftransgenderpersons.com\/wp-content\/uploads\/2020\/10\/crop-0-0-4449-3337-0-Lut-Braeckman_official-edited.jpg?resize=1536%2C1536&amp;ssl=1 1536w, https:\/\/i0.wp.com\/rtwoftransgenderpersons.com\/wp-content\/uploads\/2020\/10\/crop-0-0-4449-3337-0-Lut-Braeckman_official-edited.jpg?resize=2048%2C2048&amp;ssl=1 2048w, https:\/\/i0.wp.com\/rtwoftransgenderpersons.com\/wp-content\/uploads\/2020\/10\/crop-0-0-4449-3337-0-Lut-Braeckman_official-edited.jpg?resize=12%2C12&amp;ssl=1 12w, https:\/\/i0.wp.com\/rtwoftransgenderpersons.com\/wp-content\/uploads\/2020\/10\/crop-0-0-4449-3337-0-Lut-Braeckman_official-edited.jpg?resize=1200%2C1200&amp;ssl=1 1200w, https:\/\/i0.wp.com\/rtwoftransgenderpersons.com\/wp-content\/uploads\/2020\/10\/crop-0-0-4449-3337-0-Lut-Braeckman_official-edited.jpg?resize=800%2C800&amp;ssl=1 800w, https:\/\/i0.wp.com\/rtwoftransgenderpersons.com\/wp-content\/uploads\/2020\/10\/crop-0-0-4449-3337-0-Lut-Braeckman_official-edited.jpg?resize=400%2C400&amp;ssl=1 400w, https:\/\/i0.wp.com\/rtwoftransgenderpersons.com\/wp-content\/uploads\/2020\/10\/crop-0-0-4449-3337-0-Lut-Braeckman_official-edited.jpg?resize=200%2C200&amp;ssl=1 200w, https:\/\/i0.wp.com\/rtwoftransgenderpersons.com\/wp-content\/uploads\/2020\/10\/crop-0-0-4449-3337-0-Lut-Braeckman_official-edited.jpg?resize=640%2C640&amp;ssl=1 640w, https:\/\/i0.wp.com\/rtwoftransgenderpersons.com\/wp-content\/uploads\/2020\/10\/crop-0-0-4449-3337-0-Lut-Braeckman_official-edited.jpg?w=1812&amp;ssl=1 1812w\" sizes=\"auto, (max-width: 267px) 100vw, 267px\" \/><\/figure>\n\n\n\n<h4 class=\"margin-bottom-half wp-block-heading\">Lutgart Braeckman <\/h4>\n\n\n\n<p class=\"has-text-align-justify\">Superviseur du projet                                    <\/p>\n\n\n\n<p class=\"has-text-align-justify has-small-font-size has-custom-font\" style=\"line-height:1.4;font-family:Georgia;font-size:15px\">En tant que sp\u00e9cialiste en m\u00e9decine du travail, m\u00e9decine des assurances et expertise m\u00e9dicale, elle est professeur agr\u00e9g\u00e9 au 'D\u00e9partement de Sant\u00e9 Publique et de Soins Primaires' de la Facult\u00e9 de m\u00e9decine, Universit\u00e9 de Gand. Ses domaines de recherches comprennent le bien-\u00eatre physique et mental des salari\u00e9s de divers secteurs \u00e9conomiques et industriels, les seniors, la promotion de la sant\u00e9, la r\u00e9insertion des personnes inapte au travail de longue dur\u00e9e. Ces derni\u00e8res ann\u00e9es, elle a collabor\u00e9 en tant que promotrice \u00e0 diff\u00e9rents projets scientifiques sur les aspects psychosociaux au travail (burn-out, politique du personnel sensible \u00e0 les employ\u00e9s plus \u00e2g\u00e9s, relation entre les aspects psychosociaux au travail et les accidents de travail). Ses recherches sont int\u00e9gr\u00e9es \u00e0 sa t\u00e2che acad\u00e9mique et \u00e0 la sensibilisation de la soci\u00e9t\u00e9. Dans ce cadre, elle conseille r\u00e9guli\u00e8rement le gouvernement, le Conseil National de la Sant\u00e9 et les Comit\u00e9s Europ\u00e9ens. En tant que m\u00e9decin du travail, elle travaille un jour par semaine dans un 'Service Externe de Pr\u00e9vention et de Protection au travail (SEPPT) et \u00e0 la polyclinique de l'Universit\u00e9 de Gand.<\/p>\n<\/div>\n<\/div>\n\n\n\n<div class=\"wp-block-jetpack-layout-grid alignfull column1-desktop-grid__span-3 column1-desktop-grid__start-3 column1-desktop-grid__row-1 column2-desktop-grid__span-3 column2-desktop-grid__start-8 column2-desktop-grid__row-1 column1-tablet-grid__span-4 column1-tablet-grid__row-1 column2-tablet-grid__span-4 column2-tablet-grid__start-5 column2-tablet-grid__row-1 column1-mobile-grid__span-4 column1-mobile-grid__row-1 column2-mobile-grid__span-4 column2-mobile-grid__row-2\">\n<div class=\"wp-block-jetpack-layout-grid-column wp-block-jetpack-layout-grid__padding-none is-vertically-aligned-top\">\n<div style=\"height:100px\" aria-hidden=\"true\" class=\"wp-block-spacer\"><\/div>\n\n\n\n<figure class=\"wp-block-image size-large is-resized is-style-rounded\"><img data-recalc-dims=\"1\" loading=\"lazy\" decoding=\"async\" data-attachment-id=\"582\" data-permalink=\"https:\/\/rtwoftransgenderpersons.com\/fr\/home\/about\/wie-zijn-wij\/joz-motmans-profiel2\/\" data-orig-file=\"https:\/\/i0.wp.com\/rtwoftransgenderpersons.com\/wp-content\/uploads\/2020\/08\/joz-motmans-profiel2.jpg?fit=400%2C400&amp;ssl=1\" data-orig-size=\"400,400\" data-comments-opened=\"1\" data-image-meta=\"{&quot;aperture&quot;:&quot;0&quot;,&quot;credit&quot;:&quot;&quot;,&quot;camera&quot;:&quot;&quot;,&quot;caption&quot;:&quot;&quot;,&quot;created_timestamp&quot;:&quot;0&quot;,&quot;copyright&quot;:&quot;&quot;,&quot;focal_length&quot;:&quot;0&quot;,&quot;iso&quot;:&quot;0&quot;,&quot;shutter_speed&quot;:&quot;0&quot;,&quot;title&quot;:&quot;&quot;,&quot;orientation&quot;:&quot;0&quot;}\" data-image-title=\"joz-motmans-profiel2\" data-image-description=\"\" data-image-caption=\"\" data-large-file=\"https:\/\/i0.wp.com\/rtwoftransgenderpersons.com\/wp-content\/uploads\/2020\/08\/joz-motmans-profiel2.jpg?fit=400%2C400&amp;ssl=1\" src=\"https:\/\/i0.wp.com\/rtwoftransgenderpersons.com\/wp-content\/uploads\/2020\/08\/joz-motmans-profiel2.jpg?resize=216%2C216&#038;ssl=1\" alt=\"\" class=\"wp-image-582\" width=\"216\" height=\"216\" srcset=\"https:\/\/i0.wp.com\/rtwoftransgenderpersons.com\/wp-content\/uploads\/2020\/08\/joz-motmans-profiel2.jpg?w=400&amp;ssl=1 400w, https:\/\/i0.wp.com\/rtwoftransgenderpersons.com\/wp-content\/uploads\/2020\/08\/joz-motmans-profiel2.jpg?resize=300%2C300&amp;ssl=1 300w, https:\/\/i0.wp.com\/rtwoftransgenderpersons.com\/wp-content\/uploads\/2020\/08\/joz-motmans-profiel2.jpg?resize=150%2C150&amp;ssl=1 150w, https:\/\/i0.wp.com\/rtwoftransgenderpersons.com\/wp-content\/uploads\/2020\/08\/joz-motmans-profiel2.jpg?resize=200%2C200&amp;ssl=1 200w\" sizes=\"auto, (max-width: 216px) 100vw, 216px\" \/><\/figure>\n\n\n\n<h4 class=\"margin-bottom-half wp-block-heading\">Joz Motmans <\/h4>\n\n\n\n<p>Supervisor Project &amp; Co-promotor<\/p>\n\n\n\n<p class=\"has-text-align-justify margin-top-half has-georgia-font-family has-small-font-size has-custom-font\" style=\"font-size:15px;font-family:Georgia\">Joz Motmans est professeur invit\u00e9 en \u00c9tudes de Genres \u00e0 l'Universit\u00e9 de Gand (Facult\u00e9 des arts et de philosophie) et enseigne dans le master interuniversitaire Genre et Diversit\u00e9. En tant que chercheur social, ses recherches se concentre sur les \u00e9tudes LGBTIQ +, les nouveaux mouvements sociaux, l'\u00e9galit\u00e9 et l'\u00e9mancipation, la sant\u00e9 et la qualit\u00e9 de vie et la recherche des attitudes sociales. En 2012, Joz a install\u00e9 le Point d'Information Transgenre dans le Centre de Sexologie et de Genre de l'h\u00f4pital Universitaire de Gand, un centre gratuit de soutien, d'information et d'expertise sur les questions transgenres. Il est \u00e9galement membre fondateur du conseil d'administration et est actuel pr\u00e9sident \u00e9lu de l'European Professional Association for Transgender Health. <\/p>\n<\/div>\n\n\n\n<div class=\"wp-block-jetpack-layout-grid-column wp-block-jetpack-layout-grid__padding-none\">\n<div style=\"height:100px\" aria-hidden=\"true\" class=\"wp-block-spacer\"><\/div>\n\n\n\n<figure class=\"wp-block-image size-full is-resized is-style-rounded\"><img data-recalc-dims=\"1\" loading=\"lazy\" decoding=\"async\" data-attachment-id=\"641\" data-permalink=\"https:\/\/rtwoftransgenderpersons.com\/fr\/home\/about\/wie-zijn-wij\/guy-tsjoen-linked-in\/\" data-orig-file=\"https:\/\/i0.wp.com\/rtwoftransgenderpersons.com\/wp-content\/uploads\/2020\/08\/Guy-TSjoen-linked-in.jpg?fit=200%2C200&amp;ssl=1\" data-orig-size=\"200,200\" data-comments-opened=\"1\" data-image-meta=\"{&quot;aperture&quot;:&quot;0&quot;,&quot;credit&quot;:&quot;&quot;,&quot;camera&quot;:&quot;&quot;,&quot;caption&quot;:&quot;&quot;,&quot;created_timestamp&quot;:&quot;0&quot;,&quot;copyright&quot;:&quot;&quot;,&quot;focal_length&quot;:&quot;0&quot;,&quot;iso&quot;:&quot;0&quot;,&quot;shutter_speed&quot;:&quot;0&quot;,&quot;title&quot;:&quot;&quot;,&quot;orientation&quot;:&quot;0&quot;}\" data-image-title=\"Guy T&amp;#8217;Sjoen linked in\" data-image-description=\"\" data-image-caption=\"\" data-large-file=\"https:\/\/i0.wp.com\/rtwoftransgenderpersons.com\/wp-content\/uploads\/2020\/08\/Guy-TSjoen-linked-in.jpg?fit=200%2C200&amp;ssl=1\" src=\"https:\/\/i0.wp.com\/rtwoftransgenderpersons.com\/wp-content\/uploads\/2020\/08\/Guy-TSjoen-linked-in.jpg?resize=230%2C230&#038;ssl=1\" alt=\"\" class=\"wp-image-641\" width=\"230\" height=\"230\" srcset=\"https:\/\/i0.wp.com\/rtwoftransgenderpersons.com\/wp-content\/uploads\/2020\/08\/Guy-TSjoen-linked-in.jpg?w=200&amp;ssl=1 200w, https:\/\/i0.wp.com\/rtwoftransgenderpersons.com\/wp-content\/uploads\/2020\/08\/Guy-TSjoen-linked-in.jpg?resize=150%2C150&amp;ssl=1 150w\" sizes=\"auto, (max-width: 230px) 100vw, 230px\" \/><\/figure>\n\n\n\n<h4 class=\"margin-bottom-half wp-block-heading\">Guy T&#8217;Sjoen <\/h4>\n\n\n\n<p>Conseiller du projet (phase 1) <\/p>\n\n\n\n<p class=\"has-text-align-justify has-georgia-font-family has-custom-font\" style=\"font-size:15px;font-family:Georgia\">Guy T\u2019Sjoen travaille en tant que chef de service, clinicien et chercheur clinique au D\u00e9partement d\u2019Endocrinologie  y compris au Centre de Sexologie et de Genre et au Centre d\u2019Andrologie de l\u2019h\u00f4pital Universitaire de Gand. Il enseigne \u00e9galement en tant que professeur au D\u00e9partement des Maladies Internes et de P\u00e9diatrie de l'Universit\u00e9 de Gand. Ses publications scientifiques se concentre sur la carence en androg\u00e8nes, les soins transgenres, les maladies thyro\u00efdiennes, la sant\u00e9 sexuelle et les variations de la diff\u00e9renciation sexuelle. Il est co\u00e9diteur du Journal of Sexual Medicine et de l'International Journal of Transgender Health. Il est pr\u00e9sident (par int\u00e9rim) de l'EPATH (European Professional Association for Transgender Health) depuis 2015 et a organis\u00e9, entre autres, la derni\u00e8re conf\u00e9rence \u00e0 Rome, en Italie, en avril 2019.<\/p>\n<\/div>\n<\/div>\n\n\n\n<div class=\"wp-block-coblocks-row coblocks-row-914145933533\" data-columns=\"4\" data-layout=\"25-25-25-25\"><div class=\"wp-block-coblocks-row__inner has-no-padding has-no-margin is-stacked-on-mobile are-vertically-aligned-center has-medium-gutter\">\n<div class=\"wp-block-coblocks-column is-vertically-aligned-center coblocks-column-914145935178\" style=\"width:25%\"><div class=\"wp-block-coblocks-column__inner has-no-padding has-no-margin\">\n<figure class=\"wp-block-image size-large\"><a href=\"https:\/\/www.riziv.fgov.be\/nl\/themas\/arbeidsongeschiktheid\/Paginas\/Kenniscentrum.aspx#.WVO8edryiUk\" target=\"_blank\" rel=\"noopener noreferrer\"><img data-recalc-dims=\"1\" loading=\"lazy\" decoding=\"async\" width=\"242\" height=\"131\" data-attachment-id=\"1066\" data-permalink=\"https:\/\/rtwoftransgenderpersons.com\/fr\/home\/about\/wie-zijn-wij\/riziv-inami\/\" data-orig-file=\"https:\/\/i0.wp.com\/rtwoftransgenderpersons.com\/wp-content\/uploads\/2020\/10\/RIZIV-INAMI.png?fit=242%2C131&amp;ssl=1\" data-orig-size=\"242,131\" data-comments-opened=\"1\" data-image-meta=\"{&quot;aperture&quot;:&quot;0&quot;,&quot;credit&quot;:&quot;&quot;,&quot;camera&quot;:&quot;&quot;,&quot;caption&quot;:&quot;&quot;,&quot;created_timestamp&quot;:&quot;0&quot;,&quot;copyright&quot;:&quot;&quot;,&quot;focal_length&quot;:&quot;0&quot;,&quot;iso&quot;:&quot;0&quot;,&quot;shutter_speed&quot;:&quot;0&quot;,&quot;title&quot;:&quot;&quot;,&quot;orientation&quot;:&quot;0&quot;}\" data-image-title=\"RIZIV-INAMI\" data-image-description=\"\" data-image-caption=\"\" data-large-file=\"https:\/\/i0.wp.com\/rtwoftransgenderpersons.com\/wp-content\/uploads\/2020\/10\/RIZIV-INAMI.png?fit=242%2C131&amp;ssl=1\" src=\"https:\/\/i0.wp.com\/rtwoftransgenderpersons.com\/wp-content\/uploads\/2020\/10\/RIZIV-INAMI.png?resize=242%2C131&#038;ssl=1\" alt=\"\" class=\"wp-image-1066\" srcset=\"https:\/\/i0.wp.com\/rtwoftransgenderpersons.com\/wp-content\/uploads\/2020\/10\/RIZIV-INAMI.png?w=242&amp;ssl=1 242w, https:\/\/i0.wp.com\/rtwoftransgenderpersons.com\/wp-content\/uploads\/2020\/10\/RIZIV-INAMI.png?resize=16%2C9&amp;ssl=1 16w\" sizes=\"auto, (max-width: 242px) 100vw, 242px\" \/><\/a><\/figure>\n<\/div><\/div>\n\n\n\n<div class=\"wp-block-coblocks-column is-vertically-aligned-center coblocks-column-914145935218\" style=\"width:25%\"><div class=\"wp-block-coblocks-column__inner has-no-padding has-no-margin\">\n<figure class=\"wp-block-image size-large is-resized\"><a href=\"https:\/\/rtwoftransgenderpersons.com\/wp-content\/uploads\/2020\/10\/logo_transgender_infopunt_fr.png\" target=\"_blank\" rel=\"noopener noreferrer\"><img data-recalc-dims=\"1\" loading=\"lazy\" decoding=\"async\" data-attachment-id=\"54\" data-permalink=\"https:\/\/rtwoftransgenderpersons.com\/fr\/tg-infopunt\/\" data-orig-file=\"https:\/\/i0.wp.com\/rtwoftransgenderpersons.com\/wp-content\/uploads\/2020\/04\/tg-infopunt.png?fit=225%2C225&amp;ssl=1\" data-orig-size=\"225,225\" data-comments-opened=\"1\" data-image-meta=\"{&quot;aperture&quot;:&quot;0&quot;,&quot;credit&quot;:&quot;&quot;,&quot;camera&quot;:&quot;&quot;,&quot;caption&quot;:&quot;&quot;,&quot;created_timestamp&quot;:&quot;0&quot;,&quot;copyright&quot;:&quot;&quot;,&quot;focal_length&quot;:&quot;0&quot;,&quot;iso&quot;:&quot;0&quot;,&quot;shutter_speed&quot;:&quot;0&quot;,&quot;title&quot;:&quot;&quot;,&quot;orientation&quot;:&quot;0&quot;}\" data-image-title=\"TG infopunt\" data-image-description=\"\" data-image-caption=\"\" data-large-file=\"https:\/\/i0.wp.com\/rtwoftransgenderpersons.com\/wp-content\/uploads\/2020\/04\/tg-infopunt.png?fit=225%2C225&amp;ssl=1\" src=\"https:\/\/i0.wp.com\/rtwoftransgenderpersons.com\/wp-content\/uploads\/2020\/04\/tg-infopunt.png?resize=133%2C133&#038;ssl=1\" alt=\"\" class=\"wp-image-54\" width=\"133\" height=\"133\"\/><\/a><\/figure>\n<\/div><\/div>\n\n\n\n<div class=\"wp-block-coblocks-column is-vertically-aligned-center coblocks-column-914145935221\" style=\"width:25%\"><div class=\"wp-block-coblocks-column__inner has-no-padding has-no-margin\">\n<figure class=\"wp-block-image size-large is-resized\"><a href=\"https:\/\/www.ugent.be\/ge\/phpc\/en\/research\/units.htm\/occupational-insurance-medicine.htm\" target=\"_blank\" rel=\"noopener noreferrer\"><img data-recalc-dims=\"1\" loading=\"lazy\" decoding=\"async\" data-attachment-id=\"55\" data-permalink=\"https:\/\/rtwoftransgenderpersons.com\/fr\/logo_ugent_nl_rgb_2400_kleur-op-wit\/\" data-orig-file=\"https:\/\/i0.wp.com\/rtwoftransgenderpersons.com\/wp-content\/uploads\/2020\/04\/logo_ugent_nl_rgb_2400_kleur-op-wit.png?fit=3543%2C2835&amp;ssl=1\" data-orig-size=\"3543,2835\" data-comments-opened=\"1\" data-image-meta=\"{&quot;aperture&quot;:&quot;0&quot;,&quot;credit&quot;:&quot;&quot;,&quot;camera&quot;:&quot;&quot;,&quot;caption&quot;:&quot;&quot;,&quot;created_timestamp&quot;:&quot;0&quot;,&quot;copyright&quot;:&quot;&quot;,&quot;focal_length&quot;:&quot;0&quot;,&quot;iso&quot;:&quot;0&quot;,&quot;shutter_speed&quot;:&quot;0&quot;,&quot;title&quot;:&quot;&quot;,&quot;orientation&quot;:&quot;0&quot;}\" data-image-title=\"logo_UGent_NL_RGB_2400_kleur-op-wit\" data-image-description=\"\" data-image-caption=\"\" data-large-file=\"https:\/\/i0.wp.com\/rtwoftransgenderpersons.com\/wp-content\/uploads\/2020\/04\/logo_ugent_nl_rgb_2400_kleur-op-wit.png?fit=604%2C483&amp;ssl=1\" src=\"https:\/\/i0.wp.com\/rtwoftransgenderpersons.com\/wp-content\/uploads\/2020\/04\/logo_ugent_nl_rgb_2400_kleur-op-wit.png?resize=276%2C221&#038;ssl=1\" alt=\"logo ugent\" class=\"wp-image-55\" width=\"276\" height=\"221\"\/><\/a><\/figure>\n<\/div><\/div>\n\n\n\n<div class=\"wp-block-coblocks-column is-vertically-aligned-center coblocks-column-914145935227\" style=\"width:25%\"><div class=\"wp-block-coblocks-column__inner has-no-padding has-no-margin\">\n<figure class=\"wp-block-image size-full is-resized\"><img data-recalc-dims=\"1\" loading=\"lazy\" decoding=\"async\" data-attachment-id=\"2290\" data-permalink=\"https:\/\/rtwoftransgenderpersons.com\/fr\/home\/about\/wie-zijn-wij\/logo-face-a-toi-meme\/\" data-orig-file=\"https:\/\/i0.wp.com\/rtwoftransgenderpersons.com\/wp-content\/uploads\/2022\/09\/logo-Face-a-Toi-Meme.png?fit=240%2C242&amp;ssl=1\" data-orig-size=\"240,242\" data-comments-opened=\"1\" data-image-meta=\"{&quot;aperture&quot;:&quot;0&quot;,&quot;credit&quot;:&quot;&quot;,&quot;camera&quot;:&quot;&quot;,&quot;caption&quot;:&quot;&quot;,&quot;created_timestamp&quot;:&quot;0&quot;,&quot;copyright&quot;:&quot;&quot;,&quot;focal_length&quot;:&quot;0&quot;,&quot;iso&quot;:&quot;0&quot;,&quot;shutter_speed&quot;:&quot;0&quot;,&quot;title&quot;:&quot;&quot;,&quot;orientation&quot;:&quot;0&quot;}\" data-image-title=\"logo Face \u00e0 Toi M\u00eame\" data-image-description=\"\" data-image-caption=\"\" data-large-file=\"https:\/\/i0.wp.com\/rtwoftransgenderpersons.com\/wp-content\/uploads\/2022\/09\/logo-Face-a-Toi-Meme.png?fit=240%2C242&amp;ssl=1\" src=\"https:\/\/i0.wp.com\/rtwoftransgenderpersons.com\/wp-content\/uploads\/2022\/09\/logo-Face-a-Toi-Meme.png?resize=145%2C146&#038;ssl=1\" alt=\"\" class=\"wp-image-2290\" width=\"145\" height=\"146\" srcset=\"https:\/\/i0.wp.com\/rtwoftransgenderpersons.com\/wp-content\/uploads\/2022\/09\/logo-Face-a-Toi-Meme.png?w=240&amp;ssl=1 240w, https:\/\/i0.wp.com\/rtwoftransgenderpersons.com\/wp-content\/uploads\/2022\/09\/logo-Face-a-Toi-Meme.png?resize=150%2C150&amp;ssl=1 150w, https:\/\/i0.wp.com\/rtwoftransgenderpersons.com\/wp-content\/uploads\/2022\/09\/logo-Face-a-Toi-Meme.png?resize=12%2C12&amp;ssl=1 12w, https:\/\/i0.wp.com\/rtwoftransgenderpersons.com\/wp-content\/uploads\/2022\/09\/logo-Face-a-Toi-Meme.png?resize=200%2C200&amp;ssl=1 200w\" sizes=\"auto, (max-width: 145px) 100vw, 145px\" \/><\/figure>\n\n\n\n<p><\/p>\n<\/div><\/div>\n<\/div><\/div>\n\n\n\n<p><\/p>","protected":false},"excerpt":{"rendered":"<p>Joy Van de Cauter Projectleidster en arbeidsarts Joy werkt onder een assistentenmandaat aan haar PhD-project &#8216;return to work&#8217; voor de onderzoeksgroep arbeidsgeneeskunde van de Vakgroep &#8216;Volksgezondheid en Eerstelijnszorg&#8217; UGent. De onderzoeksinteresses en praktijkervaring van Joy omvatten psychosociale aspecten, werkhervattingen en&#8230;<\/p>","protected":false},"author":184167321,"featured_media":0,"parent":9,"menu_order":1,"comment_status":"closed","ping_status":"closed","template":"","meta":{"_coblocks_attr":"GeorgiaGeorgia,,Georgia","_coblocks_dimensions":"","_coblocks_responsive_height":"","_coblocks_accordion_ie_support":"","advanced_seo_description":"","jetpack_seo_html_title":"","jetpack_seo_noindex":false,"jetpack_post_was_ever_published":false,"footnotes":""},"class_list":["post-116","page","type-page","status-publish","hentry"],"jetpack_likes_enabled":false,"jetpack_sharing_enabled":true,"jetpack_shortlink":"https:\/\/wp.me\/PbUa2L-1S","amp_enabled":true,"_links":{"self":[{"href":"https:\/\/rtwoftransgenderpersons.com\/fr\/wp-json\/wp\/v2\/pages\/116","targetHints":{"allow":["GET"]}}],"collection":[{"href":"https:\/\/rtwoftransgenderpersons.com\/fr\/wp-json\/wp\/v2\/pages"}],"about":[{"href":"https:\/\/rtwoftransgenderpersons.com\/fr\/wp-json\/wp\/v2\/types\/page"}],"author":[{"embeddable":true,"href":"https:\/\/rtwoftransgenderpersons.com\/fr\/wp-json\/wp\/v2\/users\/184167321"}],"replies":[{"embeddable":true,"href":"https:\/\/rtwoftransgenderpersons.com\/fr\/wp-json\/wp\/v2\/comments?post=116"}],"version-history":[{"count":100,"href":"https:\/\/rtwoftransgenderpersons.com\/fr\/wp-json\/wp\/v2\/pages\/116\/revisions"}],"predecessor-version":[{"id":2291,"href":"https:\/\/rtwoftransgenderpersons.com\/fr\/wp-json\/wp\/v2\/pages\/116\/revisions\/2291"}],"up":[{"embeddable":true,"href":"https:\/\/rtwoftransgenderpersons.com\/fr\/wp-json\/wp\/v2\/pages\/9"}],"wp:attachment":[{"href":"https:\/\/rtwoftransgenderpersons.com\/fr\/wp-json\/wp\/v2\/media?parent=116"}],"curies":[{"name":"wp","href":"https:\/\/api.w.org\/{rel}","templated":true}]}}